{"id":2001,"date":"2022-02-10T10:26:49","date_gmt":"2022-02-10T09:26:49","guid":{"rendered":"https:\/\/www.sprachschule-aktiv-bielefeld.de\/anmeldung\/"},"modified":"2022-06-06T06:19:20","modified_gmt":"2022-06-06T04:19:20","slug":"inscripcion-escuela-idiomas-bielefeld","status":"publish","type":"page","link":"https:\/\/www.sprachschule-aktiv-bielefeld.de\/es\/inscripcion-escuela-idiomas-bielefeld\/","title":{"rendered":"Formulario de inscripci\u00f3n para curso de alem\u00e1n en Bielefeld"},"content":{"rendered":"\t\t<div data-elementor-type=\"wp-page\" data-elementor-id=\"2001\" class=\"elementor elementor-2001 elementor-120\">\n\t\t\t\t\t\t<section class=\"elementor-section elementor-top-section elementor-element elementor-element-5fd3997 elementor-section-boxed elementor-section-height-default elementor-section-height-default\" data-id=\"5fd3997\" data-element_type=\"section\" data-e-type=\"section\" data-settings=\"{&quot;background_background&quot;:&quot;classic&quot;}\">\n\t\t\t\t\t\t<div class=\"elementor-container elementor-column-gap-default\">\n\t\t\t\t\t<div class=\"elementor-column elementor-col-100 elementor-top-column elementor-element elementor-element-85570bc\" data-id=\"85570bc\" data-element_type=\"column\" data-e-type=\"column\">\n\t\t\t<div class=\"elementor-widget-wrap elementor-element-populated\">\n\t\t\t\t\t\t<div class=\"elementor-element elementor-element-dd0cca1 elementor-widget elementor-widget-heading\" data-id=\"dd0cca1\" data-element_type=\"widget\" data-e-type=\"widget\" data-widget_type=\"heading.default\">\n\t\t\t\t<div class=\"elementor-widget-container\">\n\t\t\t\t\t<h1 class=\"elementor-heading-title elementor-size-large\">Formulario de inscripci\u00f3n Sprachschule Aktiv Bielefeld\u200b<\/h1>\t\t\t\t<\/div>\n\t\t\t\t<\/div>\n\t\t\t\t\t<\/div>\n\t\t<\/div>\n\t\t\t\t\t<\/div>\n\t\t<\/section>\n\t\t\t\t<section class=\"elementor-section elementor-top-section elementor-element elementor-element-4048f8f elementor-section-boxed elementor-section-height-default elementor-section-height-default\" data-id=\"4048f8f\" data-element_type=\"section\" data-e-type=\"section\" data-settings=\"{&quot;background_background&quot;:&quot;classic&quot;}\">\n\t\t\t\t\t\t<div class=\"elementor-container elementor-column-gap-default\">\n\t\t\t\t\t<div class=\"elementor-column elementor-col-100 elementor-top-column elementor-element elementor-element-6d5b61c\" data-id=\"6d5b61c\" data-element_type=\"column\" data-e-type=\"column\">\n\t\t\t<div class=\"elementor-widget-wrap elementor-element-populated\">\n\t\t\t\t\t\t<div class=\"elementor-element elementor-element-4ab4f97 elementor-widget elementor-widget-text-editor\" data-id=\"4ab4f97\" data-element_type=\"widget\" data-e-type=\"widget\" data-widget_type=\"text-editor.default\">\n\t\t\t\t<div class=\"elementor-widget-container\">\n\t\t\t\t\t\t\t\t\tInscripci\u00f3n para cursos de idiomas: complete el formulario de registro para el curso de idiomas deseado.\t\t\t\t\t\t\t\t<\/div>\n\t\t\t\t<\/div>\n\t\t\t\t\t<\/div>\n\t\t<\/div>\n\t\t\t\t\t<\/div>\n\t\t<\/section>\n\t\t\t\t<section class=\"elementor-section elementor-top-section elementor-element elementor-element-754be83 elementor-section-boxed elementor-section-height-default elementor-section-height-default\" data-id=\"754be83\" data-element_type=\"section\" data-e-type=\"section\" data-settings=\"{&quot;background_background&quot;:&quot;classic&quot;}\">\n\t\t\t\t\t\t<div class=\"elementor-container elementor-column-gap-default\">\n\t\t\t\t\t<div class=\"elementor-column elementor-col-100 elementor-top-column elementor-element elementor-element-c9d7134\" data-id=\"c9d7134\" data-element_type=\"column\" data-e-type=\"column\">\n\t\t\t<div class=\"elementor-widget-wrap elementor-element-populated\">\n\t\t\t\t\t\t<div class=\"elementor-element elementor-element-f8e455c elementor-widget elementor-widget-text-editor\" data-id=\"f8e455c\" data-element_type=\"widget\" data-e-type=\"widget\" data-widget_type=\"text-editor.default\">\n\t\t\t\t<div class=\"elementor-widget-container\">\n\t\t\t\t\t\t\t\t\t\n<div class=\"wpcf7 no-js\" id=\"wpcf7-f1983-o1\" lang=\"de-DE\" dir=\"ltr\" data-wpcf7-id=\"1983\">\n<div class=\"screen-reader-response\"><p role=\"status\" aria-live=\"polite\" aria-atomic=\"true\"><\/p> <ul><\/ul><\/div>\n<form action=\"\/es\/wp-json\/wp\/v2\/pages\/2001#wpcf7-f1983-o1\" method=\"post\" class=\"wpcf7-form init wpcf7-acceptance-as-validation\" aria-label=\"Kontaktformular\" novalidate=\"novalidate\" data-status=\"init\">\n<fieldset class=\"hidden-fields-container\"><input type=\"hidden\" name=\"_wpcf7\" value=\"1983\" \/><input type=\"hidden\" name=\"_wpcf7_version\" value=\"6.1.5\" \/><input type=\"hidden\" name=\"_wpcf7_locale\" value=\"de_DE\" \/><input type=\"hidden\" name=\"_wpcf7_unit_tag\" value=\"wpcf7-f1983-o1\" \/><input type=\"hidden\" name=\"_wpcf7_container_post\" value=\"0\" \/><input type=\"hidden\" name=\"_wpcf7_posted_data_hash\" value=\"\" \/><input type=\"hidden\" name=\"_wpcf7cf_hidden_group_fields\" value=\"[]\" \/><input type=\"hidden\" name=\"_wpcf7cf_hidden_groups\" value=\"[]\" \/><input type=\"hidden\" name=\"_wpcf7cf_visible_groups\" value=\"[]\" \/><input type=\"hidden\" name=\"_wpcf7cf_repeaters\" value=\"[]\" \/><input type=\"hidden\" name=\"_wpcf7cf_steps\" value=\"{}\" \/><input type=\"hidden\" name=\"_wpcf7cf_options\" value=\"{&quot;form_id&quot;:1983,&quot;conditions&quot;:[],&quot;settings&quot;:{&quot;animation&quot;:&quot;yes&quot;,&quot;animation_intime&quot;:200,&quot;animation_outtime&quot;:200,&quot;conditions_ui&quot;:&quot;normal&quot;,&quot;notice_dismissed&quot;:false}}\" \/><input type=\"hidden\" name=\"_wpcf7_recaptcha_response\" value=\"\" \/>\n<\/fieldset>\n<div class=\"row\">\n\t<div class=\"col-lg-6\">\n\t\t<p><span class=\"wpcf7-form-control-wrap\" data-name=\"Firma\"><input size=\"40\" maxlength=\"400\" class=\"wpcf7-form-control wpcf7-text\" aria-invalid=\"false\" placeholder=\"Empresa\" value=\"\" type=\"text\" name=\"Firma\" \/><\/span>\n\t\t<\/p>\n\t<\/div>\n\t<div class=\"col-lg-6\">\n\t\t<p><span class=\"wpcf7-form-control-wrap\" data-name=\"Vorname\"><input size=\"40\" maxlength=\"400\" class=\"wpcf7-form-control wpcf7-text wpcf7-validates-as-required\" aria-required=\"true\" aria-invalid=\"false\" placeholder=\"Nombre*\" value=\"\" type=\"text\" name=\"Vorname\" \/><\/span>\n\t\t<\/p>\n\t<\/div>\n<\/div>\n<div class=\"row\">\n\t<div class=\"col-lg-6\">\n\t\t<p><span class=\"wpcf7-form-control-wrap\" data-name=\"Nachname\"><input size=\"40\" maxlength=\"400\" class=\"wpcf7-form-control wpcf7-text wpcf7-validates-as-required\" aria-required=\"true\" aria-invalid=\"false\" placeholder=\"Apellidos*\" value=\"\" type=\"text\" name=\"Nachname\" \/><\/span>\n\t\t<\/p>\n\t<\/div>\n\t<div class=\"col-lg-6\">\n\t\t<p><span class=\"wpcf7-form-control-wrap\" data-name=\"Adresse\"><input size=\"40\" maxlength=\"400\" class=\"wpcf7-form-control wpcf7-text wpcf7-validates-as-required\" aria-required=\"true\" aria-invalid=\"false\" placeholder=\"Direcci\u00f3n*\" value=\"\" type=\"text\" name=\"Adresse\" \/><\/span>\n\t\t<\/p>\n\t<\/div>\n<\/div>\n<div class=\"row\">\n\t<div class=\"col-lg-6\">\n\t\t<p><span class=\"wpcf7-form-control-wrap\" data-name=\"PLZ\"><input size=\"40\" maxlength=\"400\" class=\"wpcf7-form-control wpcf7-text wpcf7-validates-as-required\" aria-required=\"true\" aria-invalid=\"false\" placeholder=\"C\u00f3digo postal\/Ciudad*\" value=\"\" type=\"text\" name=\"PLZ\" \/><\/span>\n\t\t<\/p>\n\t<\/div>\n\t<div class=\"col-lg-6\">\n\t\t<p><span class=\"wpcf7-form-control-wrap\" data-name=\"Telefon\"><input size=\"40\" maxlength=\"400\" class=\"wpcf7-form-control wpcf7-text wpcf7-validates-as-required\" aria-required=\"true\" aria-invalid=\"false\" placeholder=\"Tel\u00e9fono*\" value=\"\" type=\"text\" name=\"Telefon\" \/><\/span>\n\t\t<\/p>\n\t<\/div>\n<\/div>\n<div class=\"row\">\n\t<div class=\"col-lg-6\">\n\t\t<p><span class=\"wpcf7-form-control-wrap\" data-name=\"Email\"><input size=\"40\" maxlength=\"400\" class=\"wpcf7-form-control wpcf7-email wpcf7-validates-as-required wpcf7-text wpcf7-validates-as-email medium\" aria-required=\"true\" aria-invalid=\"false\" placeholder=\"E-mail*\" value=\"\" type=\"email\" name=\"Email\" \/><\/span>\n\t\t<\/p>\n\t<\/div>\n<\/div>\n<p><B>Informaci\u00f3n sobre cursos: <\/b>\n<\/p>\n<div class=\"row\">\n\t<div class=\"col-lg-6\">\n\t\t<p>Idioma*: <span class=\"wpcf7-form-control-wrap\" data-name=\"Sprache\"><input size=\"40\" maxlength=\"400\" class=\"wpcf7-form-control wpcf7-text wpcf7-validates-as-required\" aria-required=\"true\" aria-invalid=\"false\" placeholder=\"Ej. alem\u00e1n, ingl\u00e9s, espa\u00f1ol\" value=\"\" type=\"text\" name=\"Sprache\" \/><\/span>\n\t\t<\/p>\n\t<\/div>\n\t<div class=\"col-lg-6\">\n\t\t<p>Tipo de curso*: <span class=\"wpcf7-form-control-wrap\" data-name=\"Kursart\"><input size=\"40\" maxlength=\"400\" class=\"wpcf7-form-control wpcf7-text wpcf7-validates-as-required\" aria-required=\"true\" aria-invalid=\"false\" placeholder=\"Ej. curso intensivo, cursos nocturnos o cursos privados\" value=\"\" type=\"text\" name=\"Kursart\" \/><\/span>\n\t\t<\/p>\n\t<\/div>\n<\/div>\n<div class=\"row\">\n\t<div class=\"col-lg-6\">\n\t\t<p>Nivel*: <span class=\"wpcf7-form-control-wrap\" data-name=\"niveau\"><select class=\"wpcf7-form-control wpcf7-select wpcf7-validates-as-required\" aria-required=\"true\" aria-invalid=\"false\" name=\"niveau\"><option value=\"A1.1 (Principiante)\">A1.1 (Principiante)<\/option><option value=\"A1.2 (Principiante)\">A1.2 (Principiante)<\/option><option value=\"A2.1 (Principiante\/Fundamentos)\">A2.1 (Principiante\/Fundamentos)<\/option><option value=\"A2.2 (Principiante\/Fundamentos)\">A2.2 (Principiante\/Fundamentos)<\/option><option value=\"B1.1 (Intermedio\/Intermedio)\">B1.1 (Intermedio\/Intermedio)<\/option><option value=\"B1.2 ( Intermedio)\">B1.2 ( Intermedio)<\/option><option value=\"B2.1 (Vantage)\">B2.1 (Vantage)<\/option><option value=\"B2.2 (Vantage)\">B2.2 (Vantage)<\/option><option value=\"C1.1 (Avanzado)\">C1.1 (Avanzado)<\/option><option value=\"C1.2 (Competencia avanzada)\">C1.2 (Competencia avanzada)<\/option><option value=\"C2.1 (Competencia\/conocimiento excelente)\">C2.1 (Competencia\/conocimiento excelente)<\/option><option value=\"C2. 2 (Competencia\/conocimiento excelente)\">C2. 2 (Competencia\/conocimiento excelente)<\/option><\/select><\/span>\n\t\t<\/p>\n\t<\/div>\n\t<div class=\"col-lg-6\">\n\t\t<p>Comienzo del curso*: <span class=\"wpcf7-form-control-wrap\" data-name=\"Kursbeginn\"><input class=\"wpcf7-form-control wpcf7-date wpcf7-validates-as-required wpcf7-validates-as-date\" aria-required=\"true\" aria-invalid=\"false\" value=\"\" type=\"date\" name=\"Kursbeginn\" \/><\/span>\n\t\t<\/p>\n\t<\/div>\n<\/div>\n<div class=\"row\">\n\t<div class=\"col-lg-6\">\n\t\t<p>Duraci\u00f3n del curso*: <span class=\"wpcf7-form-control-wrap\" data-name=\"dauer\"><input size=\"40\" maxlength=\"400\" class=\"wpcf7-form-control wpcf7-text wpcf7-validates-as-required\" aria-required=\"true\" aria-invalid=\"false\" placeholder=\"Ej. 4 semanas para el curso intensivo\" value=\"\" type=\"text\" name=\"dauer\" \/><\/span>\n\t\t<\/p>\n\t<\/div>\n\t<div class=\"col-lg-6\">\n\t\t<p>N\u00famero de horas deseado: <span class=\"wpcf7-form-control-wrap\" data-name=\"Stundenzahl\"><input size=\"40\" maxlength=\"400\" class=\"wpcf7-form-control wpcf7-text\" aria-invalid=\"false\" value=\"\" type=\"text\" name=\"Stundenzahl\" \/><\/span>\n\t\t<\/p>\n\t<\/div>\n<\/div>\n<p><B>Pago:<\/b>\n<\/p>\n<p>M\u00e9todos de pago: <span class=\"wpcf7-form-control-wrap\" data-name=\"Zahlung\"><select class=\"wpcf7-form-control wpcf7-select wpcf7-validates-as-required\" aria-required=\"true\" aria-invalid=\"false\" name=\"Zahlung\"><option value=\"Transferencia\">Transferencia<\/option><option value=\"Pago en efectivo\">Pago en efectivo<\/option><\/select><\/span>\n<\/p>\n<p><B>Comentarios, preguntas<\/b>\n<\/p>\n<p><span class=\"wpcf7-form-control-wrap\" data-name=\"Bemerkungen\"><textarea cols=\"40\" rows=\"10\" maxlength=\"2000\" class=\"wpcf7-form-control wpcf7-textarea\" aria-invalid=\"false\" name=\"Bemerkungen\"><\/textarea><\/span>\n<\/p>\n<div style=\"\">\n\t<p><span class=\"wpcf7-form-control-wrap\" data-name=\"agb\"><span class=\"wpcf7-form-control wpcf7-acceptance\"><span class=\"wpcf7-list-item\"><input type=\"checkbox\" name=\"agb\" value=\"1\" aria-invalid=\"false\" \/><\/span><\/span><\/span> (*) He tomado nota de las <a href=\"https:\/\/www.sprachschule-aktiv-bielefeld.de\/agb\/\">Condiciones Generales<\/a> (incluido el derecho de desistimiento) y estoy de acuerdo. He tomado nota de la informaci\u00f3n sobre <a href=\"https:\/\/www.sprachschule-aktiv-bielefeld.de\/datenschutzerklaerung\/\">protecci\u00f3n de datos<\/a>.\n\t<\/p>\n<\/div>\n<p><input class=\"wpcf7-form-control wpcf7-submit has-spinner\" type=\"submit\" value=\"Enviar formulario\" \/>\n<\/p><div class=\"wpcf7-response-output\" aria-hidden=\"true\"><\/div>\n<\/form>\n<\/div>\n\t\t\t\t\t\t\t\t<\/div>\n\t\t\t\t<\/div>\n\t\t\t\t\t<\/div>\n\t\t<\/div>\n\t\t\t\t\t<\/div>\n\t\t<\/section>\n\t\t\t\t<\/div>\n\t\t","protected":false},"excerpt":{"rendered":"<p>Formulario de inscripci\u00f3n Sprachschule Aktiv Bielefeld\u200b Inscripci\u00f3n para cursos de idiomas: complete el formulario de registro para el curso de idiomas deseado.<\/p>\n","protected":false},"author":1,"featured_media":0,"parent":0,"menu_order":0,"comment_status":"closed","ping_status":"closed","template":"elementor_header_footer","meta":{"footnotes":""},"class_list":["post-2001","page","type-page","status-publish","hentry"],"yoast_head":"<!-- This site is optimized with the Yoast SEO plugin v27.1.1 - https:\/\/yoast.com\/product\/yoast-seo-wordpress\/ -->\n<title>Formulario de inscripci\u00f3n para curso de alem\u00e1n<\/title>\n<meta name=\"description\" content=\"Registrate para el curso de alem\u00e1n en Bielefeld que desees. Apenas recibamos tu inscripci\u00f3n te reservaremos el curso.\" \/>\n<meta name=\"robots\" content=\"index, follow, max-snippet:-1, max-image-preview:large, max-video-preview:-1\" \/>\n<link rel=\"canonical\" href=\"https:\/\/www.sprachschule-aktiv-bielefeld.de\/es\/inscripcion-escuela-idiomas-bielefeld\/\" \/>\n<meta property=\"og:locale\" content=\"es_ES\" \/>\n<meta property=\"og:type\" content=\"article\" \/>\n<meta property=\"og:title\" content=\"Formulario de inscripci\u00f3n para curso de alem\u00e1n\" \/>\n<meta property=\"og:description\" content=\"Registrate para el curso de alem\u00e1n en Bielefeld que desees. Apenas recibamos tu inscripci\u00f3n te reservaremos el curso.\" \/>\n<meta property=\"og:url\" content=\"https:\/\/www.sprachschule-aktiv-bielefeld.de\/es\/inscripcion-escuela-idiomas-bielefeld\/\" \/>\n<meta property=\"og:site_name\" content=\"Sprachschule Aktiv Bielefeld\" \/>\n<meta property=\"article:modified_time\" content=\"2022-06-06T04:19:20+00:00\" \/>\n<meta name=\"twitter:card\" content=\"summary_large_image\" \/>\n<meta name=\"twitter:label1\" content=\"Tiempo de lectura\" \/>\n\t<meta name=\"twitter:data1\" content=\"1 minuto\" \/>\n<script type=\"application\/ld+json\" class=\"yoast-schema-graph\">{\"@context\":\"https:\/\/schema.org\",\"@graph\":[{\"@type\":\"WebPage\",\"@id\":\"https:\/\/www.sprachschule-aktiv-bielefeld.de\/es\/inscripcion-escuela-idiomas-bielefeld\/\",\"url\":\"https:\/\/www.sprachschule-aktiv-bielefeld.de\/es\/inscripcion-escuela-idiomas-bielefeld\/\",\"name\":\"Formulario de inscripci\u00f3n para curso de alem\u00e1n\",\"isPartOf\":{\"@id\":\"https:\/\/www.sprachschule-aktiv-bielefeld.de\/#website\"},\"datePublished\":\"2022-02-10T09:26:49+00:00\",\"dateModified\":\"2022-06-06T04:19:20+00:00\",\"description\":\"Registrate para el curso de alem\u00e1n en Bielefeld que desees. Apenas recibamos tu inscripci\u00f3n te reservaremos el curso.\",\"breadcrumb\":{\"@id\":\"https:\/\/www.sprachschule-aktiv-bielefeld.de\/es\/inscripcion-escuela-idiomas-bielefeld\/#breadcrumb\"},\"inLanguage\":\"es\",\"potentialAction\":[{\"@type\":\"ReadAction\",\"target\":[\"https:\/\/www.sprachschule-aktiv-bielefeld.de\/es\/inscripcion-escuela-idiomas-bielefeld\/\"]}]},{\"@type\":\"BreadcrumbList\",\"@id\":\"https:\/\/www.sprachschule-aktiv-bielefeld.de\/es\/inscripcion-escuela-idiomas-bielefeld\/#breadcrumb\",\"itemListElement\":[{\"@type\":\"ListItem\",\"position\":1,\"name\":\"Startseite\",\"item\":\"https:\/\/www.sprachschule-aktiv-bielefeld.de\/es\/\"},{\"@type\":\"ListItem\",\"position\":2,\"name\":\"Formulario de inscripci\u00f3n para curso de alem\u00e1n en Bielefeld\"}]},{\"@type\":\"WebSite\",\"@id\":\"https:\/\/www.sprachschule-aktiv-bielefeld.de\/#website\",\"url\":\"https:\/\/www.sprachschule-aktiv-bielefeld.de\/\",\"name\":\"Sprachschule Aktiv Bielefeld\",\"description\":\"\",\"potentialAction\":[{\"@type\":\"SearchAction\",\"target\":{\"@type\":\"EntryPoint\",\"urlTemplate\":\"https:\/\/www.sprachschule-aktiv-bielefeld.de\/?s={search_term_string}\"},\"query-input\":{\"@type\":\"PropertyValueSpecification\",\"valueRequired\":true,\"valueName\":\"search_term_string\"}}],\"inLanguage\":\"es\"}]}<\/script>\n<!-- \/ Yoast SEO plugin. -->","yoast_head_json":{"title":"Formulario de inscripci\u00f3n para curso de alem\u00e1n","description":"Registrate para el curso de alem\u00e1n en Bielefeld que desees. Apenas recibamos tu inscripci\u00f3n te reservaremos el curso.","robots":{"index":"index","follow":"follow","max-snippet":"max-snippet:-1","max-image-preview":"max-image-preview:large","max-video-preview":"max-video-preview:-1"},"canonical":"https:\/\/www.sprachschule-aktiv-bielefeld.de\/es\/inscripcion-escuela-idiomas-bielefeld\/","og_locale":"es_ES","og_type":"article","og_title":"Formulario de inscripci\u00f3n para curso de alem\u00e1n","og_description":"Registrate para el curso de alem\u00e1n en Bielefeld que desees. Apenas recibamos tu inscripci\u00f3n te reservaremos el curso.","og_url":"https:\/\/www.sprachschule-aktiv-bielefeld.de\/es\/inscripcion-escuela-idiomas-bielefeld\/","og_site_name":"Sprachschule Aktiv Bielefeld","article_modified_time":"2022-06-06T04:19:20+00:00","twitter_card":"summary_large_image","twitter_misc":{"Tiempo de lectura":"1 minuto"},"schema":{"@context":"https:\/\/schema.org","@graph":[{"@type":"WebPage","@id":"https:\/\/www.sprachschule-aktiv-bielefeld.de\/es\/inscripcion-escuela-idiomas-bielefeld\/","url":"https:\/\/www.sprachschule-aktiv-bielefeld.de\/es\/inscripcion-escuela-idiomas-bielefeld\/","name":"Formulario de inscripci\u00f3n para curso de alem\u00e1n","isPartOf":{"@id":"https:\/\/www.sprachschule-aktiv-bielefeld.de\/#website"},"datePublished":"2022-02-10T09:26:49+00:00","dateModified":"2022-06-06T04:19:20+00:00","description":"Registrate para el curso de alem\u00e1n en Bielefeld que desees. Apenas recibamos tu inscripci\u00f3n te reservaremos el curso.","breadcrumb":{"@id":"https:\/\/www.sprachschule-aktiv-bielefeld.de\/es\/inscripcion-escuela-idiomas-bielefeld\/#breadcrumb"},"inLanguage":"es","potentialAction":[{"@type":"ReadAction","target":["https:\/\/www.sprachschule-aktiv-bielefeld.de\/es\/inscripcion-escuela-idiomas-bielefeld\/"]}]},{"@type":"BreadcrumbList","@id":"https:\/\/www.sprachschule-aktiv-bielefeld.de\/es\/inscripcion-escuela-idiomas-bielefeld\/#breadcrumb","itemListElement":[{"@type":"ListItem","position":1,"name":"Startseite","item":"https:\/\/www.sprachschule-aktiv-bielefeld.de\/es\/"},{"@type":"ListItem","position":2,"name":"Formulario de inscripci\u00f3n para curso de alem\u00e1n en Bielefeld"}]},{"@type":"WebSite","@id":"https:\/\/www.sprachschule-aktiv-bielefeld.de\/#website","url":"https:\/\/www.sprachschule-aktiv-bielefeld.de\/","name":"Sprachschule Aktiv Bielefeld","description":"","potentialAction":[{"@type":"SearchAction","target":{"@type":"EntryPoint","urlTemplate":"https:\/\/www.sprachschule-aktiv-bielefeld.de\/?s={search_term_string}"},"query-input":{"@type":"PropertyValueSpecification","valueRequired":true,"valueName":"search_term_string"}}],"inLanguage":"es"}]}},"_links":{"self":[{"href":"https:\/\/www.sprachschule-aktiv-bielefeld.de\/es\/wp-json\/wp\/v2\/pages\/2001","targetHints":{"allow":["GET"]}}],"collection":[{"href":"https:\/\/www.sprachschule-aktiv-bielefeld.de\/es\/wp-json\/wp\/v2\/pages"}],"about":[{"href":"https:\/\/www.sprachschule-aktiv-bielefeld.de\/es\/wp-json\/wp\/v2\/types\/page"}],"author":[{"embeddable":true,"href":"https:\/\/www.sprachschule-aktiv-bielefeld.de\/es\/wp-json\/wp\/v2\/users\/1"}],"replies":[{"embeddable":true,"href":"https:\/\/www.sprachschule-aktiv-bielefeld.de\/es\/wp-json\/wp\/v2\/comments?post=2001"}],"version-history":[{"count":5,"href":"https:\/\/www.sprachschule-aktiv-bielefeld.de\/es\/wp-json\/wp\/v2\/pages\/2001\/revisions"}],"predecessor-version":[{"id":2471,"href":"https:\/\/www.sprachschule-aktiv-bielefeld.de\/es\/wp-json\/wp\/v2\/pages\/2001\/revisions\/2471"}],"wp:attachment":[{"href":"https:\/\/www.sprachschule-aktiv-bielefeld.de\/es\/wp-json\/wp\/v2\/media?parent=2001"}],"curies":[{"name":"wp","href":"https:\/\/api.w.org\/{rel}","templated":true}]}}